{"id":23345,"date":"2025-10-07T12:12:16","date_gmt":"2025-10-07T12:12:16","guid":{"rendered":"https:\/\/www.xontrols.com\/?post_type=product&#038;p=23345"},"modified":"2025-10-07T12:14:14","modified_gmt":"2025-10-07T12:14:14","slug":"deltav-ls-do-24-vdc-dta-de-energize-to-actuate-charm","status":"publish","type":"product","link":"https:\/\/www.xontrols.com.tr\/index.php\/urun\/deltav-ls-do-24-vdc-dta-de-energize-to-actuate-charm\/","title":{"rendered":"DeltaV\u2122 LS DO 24 VDC DTA (De-energize to Actuate) CHARM"},"content":{"rendered":"","protected":false},"excerpt":{"rendered":"<div class=\"wrapper clearfix\">\n<div class=\"d3-d12\">\n<div class=\"wrapper clearfix\">\n<div class=\"d3-d12\">\n<div class=\"gtx-body\">\n<p class=\"product-name\" role=\"heading\" aria-level=\"1\"><strong>DeltaV\u2122 LS DO 24 VDC DTA (De-energize to Actuate) CHARM <\/strong>\u00fcr\u00fcn\u00fcn\u00fc sat\u0131n almak i\u00e7in Teklif \u0130ste butonuna t\u0131klaman\u0131z yeterli.<\/p>\n<\/div>\n<\/div>\n<\/div>\n<\/div>\n<\/div>\n<p>Di\u011fer Emerson \u00dcr\u00fcn modellerimize a\u015fa\u011f\u0131daki listeden g\u00f6z atabilirsiniz.<br \/>\nArad\u0131\u011f\u0131n\u0131z \u00fcr\u00fcn kodu listemizde yok mu? Sorun de\u011fil.<br \/>\n\u0130htiyac\u0131n\u0131z olan \u00fcr\u00fcn kodunu bize iletin en k\u0131sa s\u00fcrede sizin i\u00e7in bulal\u0131m.<\/p>\n<p>Sat\u0131n almak istedi\u011finiz \u00fcr\u00fcnler i\u00e7in <a href=\"https:\/\/kontrolotomasyon.com\/index.php\/talep-olustur\/\"><strong>Talep Olu\u015ftur<\/strong><\/a> butonuna t\u0131klayabilir, <strong><a href=\"info@kontrolotomasyon.com\">info@kontrolotomasyon.com<\/a><\/strong> adresimize elektronik posta g\u00f6nderebilir, <strong><a href=\"https:\/\/wa.me\/905510513606\">Whatsapp Destek Hatt\u0131m\u0131z<\/a><\/strong> \u00fczerinden bizimle ileti\u015fime ge\u00e7ebilir ya da<strong> <a href=\"tel:905510513606\">+90 551 051 36 06<\/a><\/strong> numaradan bize ula\u015fabilirsiniz.<\/p>\n","protected":false},"featured_media":23346,"comment_status":"closed","ping_status":"closed","template":"","meta":{"_joinchat":[]},"product_brand":[],"product_cat":[20],"product_tag":[2606,259],"class_list":{"0":"post-23345","1":"product","2":"type-product","3":"status-publish","4":"has-post-thumbnail","6":"product_cat-emerson","7":"product_tag-deltav-ls-do-24-vdc-dta-de-energize-to-actuate-charm","8":"product_tag-emerson","10":"first","11":"instock","12":"shipping-taxable","13":"product-type-simple"},"_links":{"self":[{"href":"https:\/\/www.xontrols.com.tr\/index.php\/wp-json\/wp\/v2\/product\/23345","targetHints":{"allow":["GET"]}}],"collection":[{"href":"https:\/\/www.xontrols.com.tr\/index.php\/wp-json\/wp\/v2\/product"}],"about":[{"href":"https:\/\/www.xontrols.com.tr\/index.php\/wp-json\/wp\/v2\/types\/product"}],"replies":[{"embeddable":true,"href":"https:\/\/www.xontrols.com.tr\/index.php\/wp-json\/wp\/v2\/comments?post=23345"}],"version-history":[{"count":1,"href":"https:\/\/www.xontrols.com.tr\/index.php\/wp-json\/wp\/v2\/product\/23345\/revisions"}],"predecessor-version":[{"id":23347,"href":"https:\/\/www.xontrols.com.tr\/index.php\/wp-json\/wp\/v2\/product\/23345\/revisions\/23347"}],"wp:featuredmedia":[{"embeddable":true,"href":"https:\/\/www.xontrols.com.tr\/index.php\/wp-json\/wp\/v2\/media\/23346"}],"wp:attachment":[{"href":"https:\/\/www.xontrols.com.tr\/index.php\/wp-json\/wp\/v2\/media?parent=23345"}],"wp:term":[{"taxonomy":"product_brand","embeddable":true,"href":"https:\/\/www.xontrols.com.tr\/index.php\/wp-json\/wp\/v2\/product_brand?post=23345"},{"taxonomy":"product_cat","embeddable":true,"href":"https:\/\/www.xontrols.com.tr\/index.php\/wp-json\/wp\/v2\/product_cat?post=23345"},{"taxonomy":"product_tag","embeddable":true,"href":"https:\/\/www.xontrols.com.tr\/index.php\/wp-json\/wp\/v2\/product_tag?post=23345"}],"curies":[{"name":"wp","href":"https:\/\/api.w.org\/{rel}","templated":true}]}}