{"id":23051,"date":"2025-07-18T13:04:49","date_gmt":"2025-07-18T13:04:49","guid":{"rendered":"https:\/\/kontrolotomasyon.com\/?post_type=product&#038;p=23051"},"modified":"2025-07-18T13:05:58","modified_gmt":"2025-07-18T13:05:58","slug":"micro-motion-elite-cmf010m-coriolis-metre-1-10-inc-dn2-316l-paslanmaz-celik","status":"publish","type":"product","link":"https:\/\/www.xontrols.com.tr\/index.php\/urun\/micro-motion-elite-cmf010m-coriolis-metre-1-10-inc-dn2-316l-paslanmaz-celik\/","title":{"rendered":"Micro Motion ELITE CMF010M Coriolis Metre, 1\/10 \u0130n\u00e7 (DN2), 316L Paslanmaz \u00c7elik"},"content":{"rendered":"","protected":false},"excerpt":{"rendered":"<div class=\"wrapper clearfix\">\n<div class=\"d3-d12\">\n<div class=\"wrapper clearfix\">\n<div class=\"d3-d12\">\n<div class=\"gtx-body\"><strong>Micro Motion ELITE CMF010M Coriolis Metre, 1\/10 \u0130n\u00e7 (DN2), 316L Paslanmaz \u00c7elik<\/strong>\u00a0\u00fcr\u00fcn\u00fcn\u00fc sat\u0131n almak i\u00e7in Teklif \u0130ste butonuna t\u0131klaman\u0131z yeterli.<\/div>\n<\/div>\n<\/div>\n<\/div>\n<\/div>\n<p>Di\u011fer Emerson \u00dcr\u00fcn modellerimize a\u015fa\u011f\u0131daki listeden g\u00f6z atabilirsiniz.<br \/>\nArad\u0131\u011f\u0131n\u0131z \u00fcr\u00fcn kodu listemizde yok mu? Sorun de\u011fil.<br \/>\n\u0130htiyac\u0131n\u0131z olan \u00fcr\u00fcn kodunu bize iletin en k\u0131sa s\u00fcrede sizin i\u00e7in bulal\u0131m.<\/p>\n<p>Sat\u0131n almak istedi\u011finiz \u00fcr\u00fcnler i\u00e7in <a href=\"https:\/\/kontrolotomasyon.com\/index.php\/talep-olustur\/\"><strong>Talep Olu\u015ftur<\/strong><\/a> butonuna t\u0131klayabilir, <strong><a href=\"info@kontrolotomasyon.com\">info@kontrolotomasyon.com<\/a><\/strong> adresimize elektronik posta g\u00f6nderebilir, <strong><a href=\"https:\/\/wa.me\/905510513606\">Whatsapp Destek Hatt\u0131m\u0131z<\/a><\/strong> \u00fczerinden bizimle ileti\u015fime ge\u00e7ebilir ya da<strong> <a href=\"tel:905510513606\">+90 551 051 36 06<\/a><\/strong> numaradan bize ula\u015fabilirsiniz.<\/p>\n<div id=\"gtx-trans\" style=\"position: absolute; left: 6px; top: -17px;\">\n<div class=\"gtx-trans-icon\"><\/div>\n<\/div>\n","protected":false},"featured_media":23052,"comment_status":"closed","ping_status":"closed","template":"","meta":{"_joinchat":[]},"product_brand":[],"product_cat":[20],"product_tag":[2278,1830,259,2522],"class_list":{"0":"post-23051","1":"product","2":"type-product","3":"status-publish","4":"has-post-thumbnail","6":"product_cat-emerson","7":"product_tag-1-10-inc-dn2","8":"product_tag-316l-paslanmaz-celik","9":"product_tag-emerson","10":"product_tag-micro-motion-elite-cmf010m-coriolis-metre","12":"first","13":"instock","14":"shipping-taxable","15":"product-type-simple"},"_links":{"self":[{"href":"https:\/\/www.xontrols.com.tr\/index.php\/wp-json\/wp\/v2\/product\/23051","targetHints":{"allow":["GET"]}}],"collection":[{"href":"https:\/\/www.xontrols.com.tr\/index.php\/wp-json\/wp\/v2\/product"}],"about":[{"href":"https:\/\/www.xontrols.com.tr\/index.php\/wp-json\/wp\/v2\/types\/product"}],"replies":[{"embeddable":true,"href":"https:\/\/www.xontrols.com.tr\/index.php\/wp-json\/wp\/v2\/comments?post=23051"}],"version-history":[{"count":2,"href":"https:\/\/www.xontrols.com.tr\/index.php\/wp-json\/wp\/v2\/product\/23051\/revisions"}],"predecessor-version":[{"id":23054,"href":"https:\/\/www.xontrols.com.tr\/index.php\/wp-json\/wp\/v2\/product\/23051\/revisions\/23054"}],"wp:featuredmedia":[{"embeddable":true,"href":"https:\/\/www.xontrols.com.tr\/index.php\/wp-json\/wp\/v2\/media\/23052"}],"wp:attachment":[{"href":"https:\/\/www.xontrols.com.tr\/index.php\/wp-json\/wp\/v2\/media?parent=23051"}],"wp:term":[{"taxonomy":"product_brand","embeddable":true,"href":"https:\/\/www.xontrols.com.tr\/index.php\/wp-json\/wp\/v2\/product_brand?post=23051"},{"taxonomy":"product_cat","embeddable":true,"href":"https:\/\/www.xontrols.com.tr\/index.php\/wp-json\/wp\/v2\/product_cat?post=23051"},{"taxonomy":"product_tag","embeddable":true,"href":"https:\/\/www.xontrols.com.tr\/index.php\/wp-json\/wp\/v2\/product_tag?post=23051"}],"curies":[{"name":"wp","href":"https:\/\/api.w.org\/{rel}","templated":true}]}}