{"id":22889,"date":"2025-05-29T13:15:30","date_gmt":"2025-05-29T13:15:30","guid":{"rendered":"https:\/\/kontrolotomasyon.com\/?post_type=product&#038;p=22889"},"modified":"2025-05-29T13:16:53","modified_gmt":"2025-05-29T13:16:53","slug":"micro-motion-elite-cmf050l-coriolis-metre-1-2-inc-dn15-304l-paslanmaz-celik","status":"publish","type":"product","link":"https:\/\/www.xontrols.com.tr\/index.php\/urun\/micro-motion-elite-cmf050l-coriolis-metre-1-2-inc-dn15-304l-paslanmaz-celik\/","title":{"rendered":"Micro Motion ELITE CMF050L Coriolis Metre, 1\/2 \u0130n\u00e7 (DN15), 304L Paslanmaz \u00c7elik"},"content":{"rendered":"","protected":false},"excerpt":{"rendered":"<div class=\"wrapper clearfix\">\n<div class=\"d3-d12\">\n<div class=\"wrapper clearfix\">\n<div class=\"d3-d12\">\n<p class=\"product-name\" role=\"heading\" aria-level=\"1\"><strong>Micro Motion ELITE CMF050L Coriolis Metre, 1\/2 \u0130n\u00e7 (DN15), 304L Paslanmaz \u00c7elik\u00a0<\/strong>\u00fcr\u00fcn\u00fcn\u00fc sat\u0131n almak i\u00e7in Teklif \u0130ste butonuna t\u0131klaman\u0131z yeterli.<\/p>\n<\/div>\n<\/div>\n<\/div>\n<\/div>\n<p>Di\u011fer Emerson \u00dcr\u00fcn modellerimize a\u015fa\u011f\u0131daki listeden g\u00f6z atabilirsiniz.<br \/>\nArad\u0131\u011f\u0131n\u0131z \u00fcr\u00fcn kodu listemizde yok mu? Sorun de\u011fil.<br \/>\n\u0130htiyac\u0131n\u0131z olan \u00fcr\u00fcn kodunu bize iletin en k\u0131sa s\u00fcrede sizin i\u00e7in bulal\u0131m.<\/p>\n<p>Sat\u0131n almak istedi\u011finiz \u00fcr\u00fcnler i\u00e7in <a href=\"https:\/\/kontrolotomasyon.com\/index.php\/talep-olustur\/\"><strong>Talep Olu\u015ftur<\/strong><\/a> butonuna t\u0131klayabilir, <strong><a href=\"info@kontrolotomasyon.com\">info@kontrolotomasyon.com<\/a><\/strong> adresimize elektronik posta g\u00f6nderebilir, <strong><a href=\"https:\/\/wa.me\/905510513606\">Whatsapp Destek Hatt\u0131m\u0131z<\/a><\/strong> \u00fczerinden bizimle ileti\u015fime ge\u00e7ebilir ya da<strong> <a href=\"tel:905510513606\">+90 551 051 36 06<\/a><\/strong> numaradan bize ula\u015fabilirsiniz.<\/p>\n<div id=\"gtx-trans\" style=\"position: absolute; left: 18px; top: -10px;\">\n<div class=\"gtx-trans-icon\"><\/div>\n<\/div>\n","protected":false},"featured_media":22890,"comment_status":"closed","ping_status":"closed","template":"","meta":{"_joinchat":[]},"product_brand":[],"product_cat":[20],"product_tag":[2312,2453,259,2465],"class_list":{"0":"post-22889","1":"product","2":"type-product","3":"status-publish","4":"has-post-thumbnail","6":"product_cat-emerson","7":"product_tag-1-2-inc-dn15","8":"product_tag-304l-paslanmaz-celik","9":"product_tag-emerson","10":"product_tag-micro-motion-elite-cmf050l-coriolis-metre","12":"first","13":"instock","14":"shipping-taxable","15":"product-type-simple"},"_links":{"self":[{"href":"https:\/\/www.xontrols.com.tr\/index.php\/wp-json\/wp\/v2\/product\/22889","targetHints":{"allow":["GET"]}}],"collection":[{"href":"https:\/\/www.xontrols.com.tr\/index.php\/wp-json\/wp\/v2\/product"}],"about":[{"href":"https:\/\/www.xontrols.com.tr\/index.php\/wp-json\/wp\/v2\/types\/product"}],"replies":[{"embeddable":true,"href":"https:\/\/www.xontrols.com.tr\/index.php\/wp-json\/wp\/v2\/comments?post=22889"}],"version-history":[{"count":1,"href":"https:\/\/www.xontrols.com.tr\/index.php\/wp-json\/wp\/v2\/product\/22889\/revisions"}],"predecessor-version":[{"id":22891,"href":"https:\/\/www.xontrols.com.tr\/index.php\/wp-json\/wp\/v2\/product\/22889\/revisions\/22891"}],"wp:featuredmedia":[{"embeddable":true,"href":"https:\/\/www.xontrols.com.tr\/index.php\/wp-json\/wp\/v2\/media\/22890"}],"wp:attachment":[{"href":"https:\/\/www.xontrols.com.tr\/index.php\/wp-json\/wp\/v2\/media?parent=22889"}],"wp:term":[{"taxonomy":"product_brand","embeddable":true,"href":"https:\/\/www.xontrols.com.tr\/index.php\/wp-json\/wp\/v2\/product_brand?post=22889"},{"taxonomy":"product_cat","embeddable":true,"href":"https:\/\/www.xontrols.com.tr\/index.php\/wp-json\/wp\/v2\/product_cat?post=22889"},{"taxonomy":"product_tag","embeddable":true,"href":"https:\/\/www.xontrols.com.tr\/index.php\/wp-json\/wp\/v2\/product_tag?post=22889"}],"curies":[{"name":"wp","href":"https:\/\/api.w.org\/{rel}","templated":true}]}}